{"id":132,"date":"2025-03-11T11:14:21","date_gmt":"2025-03-11T10:14:21","guid":{"rendered":"http:\/\/oschaos.es\/?page_id=132"},"modified":"2025-03-20T15:05:26","modified_gmt":"2025-03-20T14:05:26","slug":"politica-de-cookies","status":"publish","type":"page","link":"https:\/\/oschaos.es\/es_es\/politica-de-cookies\/","title":{"rendered":"Pol\u00edtica de Cookies"},"content":{"rendered":"\t\t<div data-elementor-type=\"wp-page\" data-elementor-id=\"132\" class=\"elementor elementor-132\" data-elementor-post-type=\"page\">\n\t\t\t\t<div class=\"elementor-element elementor-element-6a99297 e-con-full e-flex e-con e-parent\" data-id=\"6a99297\" data-element_type=\"container\" data-settings=\"{&quot;background_background&quot;:&quot;classic&quot;}\">\n\t\t<div class=\"elementor-element elementor-element-46a4d0f e-flex e-con-boxed e-con e-child\" data-id=\"46a4d0f\" data-element_type=\"container\">\n\t\t\t\t\t<div class=\"e-con-inner\">\n\t\t<div class=\"elementor-element elementor-element-55ff08f e-con-full e-flex e-con e-child\" data-id=\"55ff08f\" data-element_type=\"container\">\n\t\t\t\t<div class=\"elementor-element elementor-element-e40799e elementor-widget elementor-widget-theme-site-logo elementor-widget-image\" data-id=\"e40799e\" data-element_type=\"widget\" data-widget_type=\"theme-site-logo.default\">\n\t\t\t\t<div class=\"elementor-widget-container\">\n\t\t\t\t\t\t\t\t\t\t\t<a href=\"https:\/\/oschaos.es\/es_es\">\n\t\t\t<img loading=\"lazy\" decoding=\"async\" width=\"1052\" height=\"992\" src=\"https:\/\/oschaos.es\/wp-content\/uploads\/2025\/03\/WhatsApp-Image-2025-03-20-at-14.35.43.png\" class=\"attachment-full size-full wp-image-453\" alt=\"\" srcset=\"https:\/\/oschaos.es\/wp-content\/uploads\/2025\/03\/WhatsApp-Image-2025-03-20-at-14.35.43.png 1052w, https:\/\/oschaos.es\/wp-content\/uploads\/2025\/03\/WhatsApp-Image-2025-03-20-at-14.35.43-300x283.png 300w, https:\/\/oschaos.es\/wp-content\/uploads\/2025\/03\/WhatsApp-Image-2025-03-20-at-14.35.43-1024x966.png 1024w, https:\/\/oschaos.es\/wp-content\/uploads\/2025\/03\/WhatsApp-Image-2025-03-20-at-14.35.43-768x724.png 768w\" sizes=\"auto, (max-width: 1052px) 100vw, 1052px\" loading=\"lazy\" \/>\t\t\t\t<\/a>\n\t\t\t\t\t\t\t\t\t\t\t<\/div>\n\t\t\t\t<\/div>\n\t\t\t\t<\/div>\n\t\t<div class=\"elementor-element elementor-element-5ebee3d e-con-full e-flex e-con e-child\" data-id=\"5ebee3d\" data-element_type=\"container\">\n\t\t\t\t<div class=\"elementor-element elementor-element-77d9079 botoncabecera elementor-widget elementor-widget-button\" data-id=\"77d9079\" data-element_type=\"widget\" data-widget_type=\"button.default\">\n\t\t\t\t<div class=\"elementor-widget-container\">\n\t\t\t\t\t\t\t\t\t<div class=\"elementor-button-wrapper\">\n\t\t\t\t\t<a class=\"elementor-button elementor-button-link elementor-size-sm\" href=\"http:\/\/oschaos.es\/\">\n\t\t\t\t\t\t<span class=\"elementor-button-content-wrapper\">\n\t\t\t\t\t\t\t\t\t<span class=\"elementor-button-text\">UNIDAD RESIDENCIAL<\/span>\n\t\t\t\t\t<\/span>\n\t\t\t\t\t<\/a>\n\t\t\t\t<\/div>\n\t\t\t\t\t\t\t\t<\/div>\n\t\t\t\t<\/div>\n\t\t\t\t<div class=\"elementor-element elementor-element-1e20a06 elementor-widget__width-initial botoncabecera elementor-widget elementor-widget-button\" data-id=\"1e20a06\" data-element_type=\"widget\" data-widget_type=\"button.default\">\n\t\t\t\t<div class=\"elementor-widget-container\">\n\t\t\t\t\t\t\t\t\t<div class=\"elementor-button-wrapper\">\n\t\t\t\t\t<a class=\"elementor-button elementor-button-link elementor-size-sm\" href=\"http:\/\/oschaos.es\/pindusa\/\">\n\t\t\t\t\t\t<span class=\"elementor-button-content-wrapper\">\n\t\t\t\t\t\t\t\t\t<span class=\"elementor-button-text\">REVISTA PINDUSA<\/span>\n\t\t\t\t\t<\/span>\n\t\t\t\t\t<\/a>\n\t\t\t\t<\/div>\n\t\t\t\t\t\t\t\t<\/div>\n\t\t\t\t<\/div>\n\t\t\t\t<\/div>\n\t\t\t\t\t<\/div>\n\t\t\t\t<\/div>\n\t\t<div class=\"elementor-element elementor-element-3bfd34a e-flex e-con-boxed e-con e-child\" data-id=\"3bfd34a\" data-element_type=\"container\">\n\t\t\t\t\t<div class=\"e-con-inner\">\n\t\t\t\t<div class=\"elementor-element elementor-element-ba535d3 elementor-widget elementor-widget-heading\" data-id=\"ba535d3\" data-element_type=\"widget\" data-widget_type=\"heading.default\">\n\t\t\t\t<div class=\"elementor-widget-container\">\n\t\t\t\t\t<h1 class=\"elementor-heading-title elementor-size-default\">POL\u00cdTICA DE COOKIES<\/h1>\t\t\t\t<\/div>\n\t\t\t\t<\/div>\n\t\t\t\t\t<\/div>\n\t\t\t\t<\/div>\n\t\t\t\t<\/div>\n\t\t<div class=\"elementor-element elementor-element-bbecafd e-con-full e-flex e-con e-parent\" data-id=\"bbecafd\" data-element_type=\"container\">\n\t\t\t\t<div class=\"elementor-element elementor-element-f912eb5 elementor-widget elementor-widget-text-editor\" data-id=\"f912eb5\" data-element_type=\"widget\" data-widget_type=\"text-editor.default\">\n\t\t\t\t<div class=\"elementor-widget-container\">\n\t\t\t\t\t\t\t\t\t<div id=\"bgLayers_comp-lxluv6051\" class=\"MW5IWV\" data-hook=\"bgLayers\" data-motion-part=\"BG_LAYER comp-lxluv6051\">\n<div id=\"bgMedia_comp-lxluv6051\" class=\"VgO9Yg\" data-motion-part=\"BG_MEDIA comp-lxluv6051\">\n<div id=\"bgLayers_comp-lxluv6053\" class=\"MW5IWV\" data-hook=\"bgLayers\" data-motion-part=\"BG_LAYER comp-lxluv6053\">\n<div id=\"bgMedia_comp-lxluv6053\" class=\"VgO9Yg\" data-motion-part=\"BG_MEDIA comp-lxluv6053\">\u00bfQU\u00c9 SON LAS COOKIES?<\/div>\n<\/div>\n<div class=\"\" data-mesh-id=\"comp-lxluv6053inlineContent\" data-testid=\"inline-content\">\n<div data-mesh-id=\"comp-lxluv6053inlineContent-gridContainer\" data-testid=\"mesh-container-content\">\n<div id=\"comp-ki99blgo\" class=\"HcOXKn SxM0TO QxJLC3 lq2cno YQcXTT comp-ki99blgo wixui-rich-text\" data-testid=\"richTextElement\">\n<p class=\"font_8 wixui-rich-text__text\"><span class=\"wixui-rich-text__text\">Una cookie es un fichero que se descarga en el dispositivo del usuario (ordenador, smartphone, tablet, smart TV, etc.) al acceder a determinados sitios web. Las cookies permiten, entre otras cosas, almacenar y recuperar informaci\u00f3n sobre los h\u00e1bitos de navegaci\u00f3n de un usuario o de su equipo y sus interacciones en nuestro servicio, sujeto a las elecciones que haya realizado.<\/span><\/p>\n<p class=\"font_8 wixui-rich-text__text\"><span class=\"color_15 wixui-rich-text__text\">\u00a0<\/span><span class=\"color_15 wixui-rich-text__text\">Hay dos tipos de cookies:<\/span><\/p>\n\n<ul>\n \t<li class=\"font_8 wixui-rich-text__text\"><span class=\"color_15 wixui-rich-text__text\">\u200b<\/span>\u200bCookies de sesi\u00f3n (transitorias). Son aquellas cookies que son enviadas a tu ordenador y gestionadas exclusivamente por nosotros para el mejor funcionamiento del sitio web. La informaci\u00f3n que recabamos se emplea para mejorar la calidad de nuestro servicio y tu experiencia como usuario.<\/li>\n<\/ul>\n<ul class=\"color_15 wixui-rich-text__text\">\n \t<li class=\"wixui-rich-text__text\">\n<p class=\"font_8 wixui-rich-text__text\"><span class=\"color_15 wixui-rich-text__text\">Cookies persistentes (permanentes o almacenadas). Estas cookies permanecen en tu navegador m\u00e1s tiempo, permiti\u00e9ndonos reconocerte como visitante recurrente del sitio web y adaptar el contenido para ofrecerte contenidos que se ajusten a tus preferencias.<\/span><\/p>\n<\/li>\n<\/ul>\n<p class=\"font_8 wixui-rich-text__text\"><span class=\"wixGuard wixui-rich-text__text\">\u200b<\/span>USO DE COOKIES<\/p>\n<p class=\"font_8 wixui-rich-text__text\"><span class=\"wixGuard wixui-rich-text__text\">\u200b<\/span><span class=\"wixui-rich-text__text\">Los datos obtenidos a trav\u00e9s de las cookies son datos no identificativos, que se utilizar\u00e1n con las finalidades indicadas en esta Pol\u00edtica de cookies, con base en el consentimiento otorgado. La informaci\u00f3n obtenida a trav\u00e9s de las cookies, referida a la navegaci\u00f3n del equipo del usuario, podr\u00e1 ser combinada con sus datos personales \u00fanicamente si el usuario est\u00e1 registrado en este sitio web, y exclusivamente para su uso por Servicios Asistenciales Os Chaos.<\/span><\/p>\n<p class=\"font_8 wixui-rich-text__text\"><span class=\"wixGuard wixui-rich-text__text\">\u200b<\/span><span class=\"color_15 wixui-rich-text__text\">El interesado podr\u00e1 ejercer los derechos de acceso, rectificaci\u00f3n, supresi\u00f3n, oposici\u00f3n, portabilidad y limitaci\u00f3n en los t\u00e9rminos especificados en la legislaci\u00f3n sobre protecci\u00f3n de datos, dirigiendo una comunicaci\u00f3n por correo electr\u00f3nico pulsando\u00a0<span class=\"wixui-rich-text__text\"><a class=\"wixui-rich-text__text\" href=\"mailto:info@oschaos.es\" target=\"_self\">aqu\u00ed<\/a><\/span>, acreditando su identidad y especificando el derecho que desea ejercer. El interesado tiene derecho en cualquier caso a formular una queja ante la Agencia Espa\u00f1ola de Protecci\u00f3n de Datos (<span class=\"wixui-rich-text__text\"><a class=\"wixui-rich-text__text\" href=\"http:\/\/www.agpd.es\/\" target=\"_blank\" rel=\"noreferrer noopener\">www.agpd.es<\/a><\/span>), especialmente cuando no haya obtenido satisfacci\u00f3n en el ejercicio de sus derechos.<\/span><\/p>\n<p class=\"font_8 wixui-rich-text__text\">C\u00d3MO DESACTIVAR LAS COOKIES QUE UTILIZA ESTE SITIO WEB<\/p>\n<p class=\"font_8 wixui-rich-text__text\"><span class=\"wixGuard wixui-rich-text__text\">\u200b<\/span><span class=\"color_15 wixui-rich-text__text\">El usuario puede configurar las cookies que quiere que en funcionen en este sitio web mediante los sistemas espec\u00edficos indicados en el panel de configuraci\u00f3n al que puede acceder en cualquier momento a trav\u00e9s del enlace correspondiente. Asimismo, si el usuario desea desactivar las cookies posteriormente puede gestionar su desactivaci\u00f3n a trav\u00e9s de la configuraci\u00f3n de su navegador o dispositivo. No obstante, en el caso de que decida bloquearlas, es posible que ciertos servicios que necesiten su uso no est\u00e9n disponibles.<\/span><\/p>\n<p class=\"font_8 wixui-rich-text__text\"><span class=\"color_15 wixui-rich-text__text\">Puedes llevar a cabo la gesti\u00f3n de las cookies en las siguientes ubicaciones de los navegadores m\u00e1s populares:<\/span><\/p>\n\n<ul>\n \t<li class=\"font_8 wixui-rich-text__text\"><span class=\"wixGuard wixui-rich-text__text\">\u200b<\/span>Google Chrome:\u00a0<span class=\"wixui-rich-text__text\"><a class=\"wixui-rich-text__text\" href=\"http:\/\/support.google.com\/chrome\/bin\/answer.py?hl=es&amp;answer=95647\" target=\"_blank\" rel=\"noreferrer noopener\">http:\/\/support.google.com\/chrome\/bin\/answer.py?hl=es&amp;answer=95647<\/a><\/span><\/li>\n<\/ul>\n<ul class=\"color_15 wixui-rich-text__text\">\n \t<li class=\"wixui-rich-text__text\">\n<p class=\"font_8 wixui-rich-text__text\"><span class=\"color_15 wixui-rich-text__text\">Microsoft Edge:\u00a0<span class=\"wixui-rich-text__text\"><a class=\"wixui-rich-text__text\" href=\"https:\/\/support.microsoft.com\/es-es\/help\/4468242\/microsoft-edge-browsing-data-and-privacy-microsoft-privacy\" target=\"_blank\" rel=\"noreferrer noopener\">https:\/\/support.microsoft.com\/es-es\/help\/4468242\/microsoft-edge-browsing-data-and-privacy-microsoft-privacy<\/a><\/span><\/span><\/p>\n<\/li>\n \t<li class=\"wixui-rich-text__text\">\n<p class=\"font_8 wixui-rich-text__text\"><span class=\"color_15 wixui-rich-text__text\">Mozilla Firefox:\u00a0<span class=\"wixui-rich-text__text\"><a class=\"wixui-rich-text__text\" href=\"http:\/\/support.mozilla.org\/es\/kb\/habilitar-y-deshabilitar-cookies-que-los-sitios-we\" target=\"_blank\" rel=\"noreferrer noopener\">http:\/\/support.mozilla.org\/es\/kb\/habilitar-y-deshabilitar-cookies-que-los-sitios-we<\/a><\/span><\/span><\/p>\n<\/li>\n \t<li class=\"wixui-rich-text__text\">\n<p class=\"font_8 wixui-rich-text__text\"><span class=\"color_15 wixui-rich-text__text\">Safari:\u00a0<span class=\"wixui-rich-text__text\"><a class=\"wixui-rich-text__text\" href=\"http:\/\/support.apple.com\/kb\/ph5042\" target=\"_blank\" rel=\"noreferrer noopener\">http:\/\/support.apple.com\/kb\/ph5042<\/a><\/span><\/span><\/p>\n<\/li>\n<\/ul>\n<p class=\"font_8 wixui-rich-text__text\"><span class=\"color_15 wixui-rich-text__text\">\u00a0<\/span><span class=\"color_15 wixui-rich-text__text\">Ten en cuenta que, en cada caso, la desactivaci\u00f3n para cada navegador y dispositivo es independiente. Si deseas desactivar las cookies en todos los navegadores y dispositivos deber\u00e1s hacerlo en cada uno de ellos individualmente.<\/span><\/p>\n<p class=\"font_8 wixui-rich-text__text\"><span class=\"wixGuard wixui-rich-text__text\">\u200b<\/span><\/p>\n\n<\/div>\n<\/div>\n<\/div>\n<\/div>\n<\/div>\t\t\t\t\t\t\t\t<\/div>\n\t\t\t\t<\/div>\n\t\t\t\t<\/div>\n\t\t<div class=\"elementor-element elementor-element-715c00a e-flex e-con-boxed e-con e-parent\" data-id=\"715c00a\" data-element_type=\"container\" data-settings=\"{&quot;background_background&quot;:&quot;classic&quot;}\">\n\t\t\t\t\t<div class=\"e-con-inner\">\n\t\t\t\t<div class=\"elementor-element elementor-element-4a6fed5 elementor-widget__width-initial elementor-widget elementor-widget-theme-site-logo elementor-widget-image\" data-id=\"4a6fed5\" data-element_type=\"widget\" data-widget_type=\"theme-site-logo.default\">\n\t\t\t\t<div class=\"elementor-widget-container\">\n\t\t\t\t\t\t\t\t\t\t\t<a href=\"https:\/\/oschaos.es\/es_es\">\n\t\t\t<img loading=\"lazy\" decoding=\"async\" width=\"1052\" height=\"992\" src=\"https:\/\/oschaos.es\/wp-content\/uploads\/2025\/03\/WhatsApp-Image-2025-03-20-at-14.35.43.png\" class=\"attachment-full size-full wp-image-453\" alt=\"\" srcset=\"https:\/\/oschaos.es\/wp-content\/uploads\/2025\/03\/WhatsApp-Image-2025-03-20-at-14.35.43.png 1052w, https:\/\/oschaos.es\/wp-content\/uploads\/2025\/03\/WhatsApp-Image-2025-03-20-at-14.35.43-300x283.png 300w, https:\/\/oschaos.es\/wp-content\/uploads\/2025\/03\/WhatsApp-Image-2025-03-20-at-14.35.43-1024x966.png 1024w, https:\/\/oschaos.es\/wp-content\/uploads\/2025\/03\/WhatsApp-Image-2025-03-20-at-14.35.43-768x724.png 768w\" sizes=\"auto, (max-width: 1052px) 100vw, 1052px\" loading=\"lazy\" \/>\t\t\t\t<\/a>\n\t\t\t\t\t\t\t\t\t\t\t<\/div>\n\t\t\t\t<\/div>\n\t\t<div class=\"elementor-element elementor-element-811e5b7 e-con-full e-flex e-con e-child\" data-id=\"811e5b7\" data-element_type=\"container\">\n\t\t<div class=\"elementor-element elementor-element-7c07b76 e-con-full e-flex e-con e-child\" data-id=\"7c07b76\" data-element_type=\"container\">\n\t\t\t\t<div class=\"elementor-element elementor-element-0c1309e elementor-widget elementor-widget-text-editor\" data-id=\"0c1309e\" data-element_type=\"widget\" data-widget_type=\"text-editor.default\">\n\t\t\t\t<div class=\"elementor-widget-container\">\n\t\t\t\t\t\t\t\t\t<p>TEL\u00c9FONO<\/p>\t\t\t\t\t\t\t\t<\/div>\n\t\t\t\t<\/div>\n\t\t\t\t<div class=\"elementor-element elementor-element-c644396 elementor-widget__width-auto elementor-widget elementor-widget-text-editor\" data-id=\"c644396\" data-element_type=\"widget\" data-widget_type=\"text-editor.default\">\n\t\t\t\t<div class=\"elementor-widget-container\">\n\t\t\t\t\t\t\t\t\t<p><span style=\"color: #ffffff;\"><a style=\"color: #ffffff;\" href=\"tel:988230410\">988 230 410<\/a><\/span><\/p>\t\t\t\t\t\t\t\t<\/div>\n\t\t\t\t<\/div>\n\t\t\t\t<\/div>\n\t\t<div class=\"elementor-element elementor-element-4611931 e-con-full e-flex e-con e-child\" data-id=\"4611931\" data-element_type=\"container\">\n\t\t\t\t<div class=\"elementor-element elementor-element-cf4b729 elementor-widget elementor-widget-text-editor\" data-id=\"cf4b729\" data-element_type=\"widget\" data-widget_type=\"text-editor.default\">\n\t\t\t\t<div class=\"elementor-widget-container\">\n\t\t\t\t\t\t\t\t\t<p>EMAIL<\/p>\t\t\t\t\t\t\t\t<\/div>\n\t\t\t\t<\/div>\n\t\t\t\t<div class=\"elementor-element elementor-element-040dd31 elementor-widget__width-initial elementor-view-default elementor-widget elementor-widget-icon\" data-id=\"040dd31\" data-element_type=\"widget\" data-widget_type=\"icon.default\">\n\t\t\t\t<div class=\"elementor-widget-container\">\n\t\t\t\t\t\t\t<div class=\"elementor-icon-wrapper\">\n\t\t\t<a class=\"elementor-icon\" href=\"mailto:unidadresidencial@troncoso.es\">\n\t\t\t<svg xmlns:xlink=\"http:\/\/www.w3.org\/1999\/xlink\" xmlns=\"http:\/\/www.w3.org\/2000\/svg\" preserveAspectRatio=\"xMidYMid meet\" data-bbox=\"20 50.968 160 98.064\" width=\"200\" height=\"200\" viewBox=\"20 50.968 160 98.064\" data-type=\"color\" aria-hidden=\"true\"><defs><style>#comp-kibong8n svg [data-color=\"1\"] {fill: #FFFFFF;}<\/style><\/defs><g><path fill=\"#FFFFFF\" d=\"M180 149.032H20V50.968h160v98.064zm-154.839-5.161h149.677V56.129H25.161v87.742z\" data-color=\"1\"><\/path><path d=\"M100 118.79L20.968 55.565l3.226-4.033L100 112.177l75.806-60.645 3.226 4.033L100 118.79z\" fill=\"#FFFFFF\" data-color=\"1\"><\/path><\/g><\/svg>\t\t\t<\/a>\n\t\t<\/div>\n\t\t\t\t\t\t<\/div>\n\t\t\t\t<\/div>\n\t\t\t\t<\/div>\n\t\t\t\t<\/div>\n\t\t<div class=\"elementor-element elementor-element-5e3d592 e-con-full e-flex e-con e-child\" data-id=\"5e3d592\" data-element_type=\"container\">\n\t\t\t\t<div class=\"elementor-element elementor-element-20b368f elementor-widget elementor-widget-image\" data-id=\"20b368f\" data-element_type=\"widget\" data-widget_type=\"image.default\">\n\t\t\t\t<div class=\"elementor-widget-container\">\n\t\t\t\t\t\t\t\t\t\t\t\t\t\t\t\t<a href=\"https:\/\/portal.gestion.sedepkd.red.gob.es\/portal\/kitdigital\" target=\"_blank\" rel=\"noopener\">\n\t\t\t\t\t\t\t<img loading=\"lazy\" decoding=\"async\" width=\"342\" height=\"32\" src=\"https:\/\/oschaos.es\/wp-content\/uploads\/2025\/03\/logos_kit_digital_white.webp\" class=\"attachment-large size-large wp-image-122\" alt=\"logos_kit_digital\" srcset=\"https:\/\/oschaos.es\/wp-content\/uploads\/2025\/03\/logos_kit_digital_white.webp 342w, https:\/\/oschaos.es\/wp-content\/uploads\/2025\/03\/logos_kit_digital_white-300x28.webp 300w\" sizes=\"auto, (max-width: 342px) 100vw, 342px\" loading=\"lazy\" \/>\t\t\t\t\t\t\t\t<\/a>\n\t\t\t\t\t\t\t\t\t\t\t\t\t\t\t<\/div>\n\t\t\t\t<\/div>\n\t\t\t\t<\/div>\n\t\t<div class=\"elementor-element elementor-element-c196957 e-con-full e-flex e-con e-child\" data-id=\"c196957\" data-element_type=\"container\">\n\t\t\t\t<div class=\"elementor-element elementor-element-028b01c elementor-widget elementor-widget-text-editor\" data-id=\"028b01c\" data-element_type=\"widget\" data-widget_type=\"text-editor.default\">\n\t\t\t\t<div class=\"elementor-widget-container\">\n\t\t\t\t\t\t\t\t\t<p><span class=\"wixui-rich-text__text\">FOGAR RESIDENCIAL PENAS ALBAS | Registro de Centros, Servicios y Establecimientos Sanitarios de Galicia | <\/span><span class=\"wixui-rich-text__text\">N\u00famero de registro: C-32-000939<\/span><\/p>\t\t\t\t\t\t\t\t<\/div>\n\t\t\t\t<\/div>\n\t\t\t\t<\/div>\n\t\t<div class=\"elementor-element elementor-element-226dcfc e-con-full e-flex e-con e-child\" data-id=\"226dcfc\" data-element_type=\"container\">\n\t\t\t\t<div class=\"elementor-element elementor-element-27460e0 elementor-align-left elementor-widget elementor-widget-button\" data-id=\"27460e0\" data-element_type=\"widget\" data-widget_type=\"button.default\">\n\t\t\t\t<div class=\"elementor-widget-container\">\n\t\t\t\t\t\t\t\t\t<div class=\"elementor-button-wrapper\">\n\t\t\t\t\t<a class=\"elementor-button elementor-button-link elementor-size-sm\" href=\"http:\/\/oschaos.es\/aviso-legal\/\">\n\t\t\t\t\t\t<span class=\"elementor-button-content-wrapper\">\n\t\t\t\t\t\t\t\t\t<span class=\"elementor-button-text\">AVISO LEGAL<\/span>\n\t\t\t\t\t<\/span>\n\t\t\t\t\t<\/a>\n\t\t\t\t<\/div>\n\t\t\t\t\t\t\t\t<\/div>\n\t\t\t\t<\/div>\n\t\t\t\t<div class=\"elementor-element elementor-element-3d46bc7 elementor-align-left elementor-widget elementor-widget-button\" data-id=\"3d46bc7\" data-element_type=\"widget\" data-widget_type=\"button.default\">\n\t\t\t\t<div class=\"elementor-widget-container\">\n\t\t\t\t\t\t\t\t\t<div class=\"elementor-button-wrapper\">\n\t\t\t\t\t<a class=\"elementor-button elementor-button-link elementor-size-sm\" href=\"http:\/\/oschaos.es\/politica-privacidad\/\">\n\t\t\t\t\t\t<span class=\"elementor-button-content-wrapper\">\n\t\t\t\t\t\t\t\t\t<span class=\"elementor-button-text\">POL\u00cdTICA DE PRIVACIDAD<\/span>\n\t\t\t\t\t<\/span>\n\t\t\t\t\t<\/a>\n\t\t\t\t<\/div>\n\t\t\t\t\t\t\t\t<\/div>\n\t\t\t\t<\/div>\n\t\t\t\t<div class=\"elementor-element elementor-element-dfcf5b8 elementor-align-left elementor-widget elementor-widget-button\" data-id=\"dfcf5b8\" data-element_type=\"widget\" data-widget_type=\"button.default\">\n\t\t\t\t<div class=\"elementor-widget-container\">\n\t\t\t\t\t\t\t\t\t<div class=\"elementor-button-wrapper\">\n\t\t\t\t\t<a class=\"elementor-button elementor-button-link elementor-size-sm\" href=\"http:\/\/oschaos.es\/politica-de-cookies\/\">\n\t\t\t\t\t\t<span class=\"elementor-button-content-wrapper\">\n\t\t\t\t\t\t\t\t\t<span class=\"elementor-button-text\">POL\u00cdTICA DE COOKIES<\/span>\n\t\t\t\t\t<\/span>\n\t\t\t\t\t<\/a>\n\t\t\t\t<\/div>\n\t\t\t\t\t\t\t\t<\/div>\n\t\t\t\t<\/div>\n\t\t\t\t<div class=\"elementor-element elementor-element-fc9ac43 elementor-align-left elementor-widget elementor-widget-button\" data-id=\"fc9ac43\" data-element_type=\"widget\" data-widget_type=\"button.default\">\n\t\t\t\t<div class=\"elementor-widget-container\">\n\t\t\t\t\t\t\t\t\t<div class=\"elementor-button-wrapper\">\n\t\t\t\t\t<a class=\"elementor-button elementor-button-link elementor-size-sm\" href=\"https:\/\/ingade-reporting.com\/troncoso-servicios-sociosanitarios-home\/\" target=\"_blank\" rel=\"noopener\">\n\t\t\t\t\t\t<span class=\"elementor-button-content-wrapper\">\n\t\t\t\t\t\t\t\t\t<span class=\"elementor-button-text\">CANAL DE DENUNCIAS<\/span>\n\t\t\t\t\t<\/span>\n\t\t\t\t\t<\/a>\n\t\t\t\t<\/div>\n\t\t\t\t\t\t\t\t<\/div>\n\t\t\t\t<\/div>\n\t\t\t\t<\/div>\n\t\t\t\t\t<\/div>\n\t\t\t\t<\/div>\n\t\t<div class=\"elementor-element elementor-element-aa6dd69 e-flex e-con-boxed e-con e-parent\" data-id=\"aa6dd69\" data-element_type=\"container\" data-settings=\"{&quot;background_background&quot;:&quot;classic&quot;}\">\n\t\t\t\t\t<div class=\"e-con-inner\">\n\t\t\t\t<div class=\"elementor-element elementor-element-09d8af7 elementor-widget elementor-widget-text-editor\" data-id=\"09d8af7\" data-element_type=\"widget\" data-widget_type=\"text-editor.default\">\n\t\t\t\t<div class=\"elementor-widget-container\">\n\t\t\t\t\t\t\t\t\t<section id=\"comp-k8h5nzii\" class=\"comp-k8h5nzii CohWsy wixui-column-strip\"><div class=\"V5AUxf\" data-testid=\"columns\"><div id=\"comp-k8h5nzjx\" class=\"comp-k8h5nzjx YzqVVZ wixui-column-strip__column\"><div class=\"\" data-mesh-id=\"comp-k8h5nzjxinlineContent\" data-testid=\"inline-content\"><div data-mesh-id=\"comp-k8h5nzjxinlineContent-gridContainer\" data-testid=\"mesh-container-content\">\u00a9 2025 FOGAR RESIDENCIAL PENAS ALBAS | TODOS LOS DERECHOS RESERVADOS.<\/div><\/div><\/div><\/div><\/section>\t\t\t\t\t\t\t\t<\/div>\n\t\t\t\t<\/div>\n\t\t\t\t\t<\/div>\n\t\t\t\t<\/div>\n\t\t\t\t<\/div>\n\t\t","protected":false},"excerpt":{"rendered":"<p>UNIDAD RESIDENCIAL REVISTA PINDUSA POL\u00cdTICA DE COOKIES \u00bfQU\u00c9 SON LAS COOKIES? Una cookie es un fichero que se descarga en el dispositivo del usuario (ordenador, smartphone, tablet, smart TV, etc.) al acceder a determinados sitios web. Las cookies permiten, entre otras cosas, almacenar y recuperar informaci\u00f3n sobre los h\u00e1bitos de navegaci\u00f3n de un usuario o [&hellip;]<\/p>\n","protected":false},"author":1,"featured_media":0,"parent":0,"menu_order":0,"comment_status":"closed","ping_status":"closed","template":"elementor_canvas","meta":{"footnotes":""},"class_list":["post-132","page","type-page","status-publish","hentry"],"_links":{"self":[{"href":"https:\/\/oschaos.es\/es_es\/wp-json\/wp\/v2\/pages\/132","targetHints":{"allow":["GET"]}}],"collection":[{"href":"https:\/\/oschaos.es\/es_es\/wp-json\/wp\/v2\/pages"}],"about":[{"href":"https:\/\/oschaos.es\/es_es\/wp-json\/wp\/v2\/types\/page"}],"author":[{"embeddable":true,"href":"https:\/\/oschaos.es\/es_es\/wp-json\/wp\/v2\/users\/1"}],"replies":[{"embeddable":true,"href":"https:\/\/oschaos.es\/es_es\/wp-json\/wp\/v2\/comments?post=132"}],"version-history":[{"count":32,"href":"https:\/\/oschaos.es\/es_es\/wp-json\/wp\/v2\/pages\/132\/revisions"}],"predecessor-version":[{"id":499,"href":"https:\/\/oschaos.es\/es_es\/wp-json\/wp\/v2\/pages\/132\/revisions\/499"}],"wp:attachment":[{"href":"https:\/\/oschaos.es\/es_es\/wp-json\/wp\/v2\/media?parent=132"}],"curies":[{"name":"wp","href":"https:\/\/api.w.org\/{rel}","templated":true}]}}