{"id":129,"date":"2025-03-11T11:14:01","date_gmt":"2025-03-11T10:14:01","guid":{"rendered":"http:\/\/oschaos.es\/?page_id=129"},"modified":"2025-03-24T13:15:47","modified_gmt":"2025-03-24T12:15:47","slug":"aviso-legal","status":"publish","type":"page","link":"https:\/\/oschaos.es\/es_es\/aviso-legal\/","title":{"rendered":"Aviso Legal"},"content":{"rendered":"\t\t<div data-elementor-type=\"wp-page\" data-elementor-id=\"129\" class=\"elementor elementor-129\" data-elementor-post-type=\"page\">\n\t\t\t\t<div class=\"elementor-element elementor-element-153e3f4 e-con-full e-flex e-con e-parent\" data-id=\"153e3f4\" data-element_type=\"container\" data-settings=\"{&quot;background_background&quot;:&quot;classic&quot;}\">\n\t\t<div class=\"elementor-element elementor-element-9cf557a e-flex e-con-boxed e-con e-child\" data-id=\"9cf557a\" data-element_type=\"container\">\n\t\t\t\t\t<div class=\"e-con-inner\">\n\t\t<div class=\"elementor-element elementor-element-81fdd61 e-con-full e-flex e-con e-child\" data-id=\"81fdd61\" data-element_type=\"container\">\n\t\t\t\t<div class=\"elementor-element elementor-element-f3e7fbd elementor-widget elementor-widget-theme-site-logo elementor-widget-image\" data-id=\"f3e7fbd\" data-element_type=\"widget\" data-widget_type=\"theme-site-logo.default\">\n\t\t\t\t<div class=\"elementor-widget-container\">\n\t\t\t\t\t\t\t\t\t\t\t<a href=\"https:\/\/oschaos.es\/es_es\">\n\t\t\t<img loading=\"lazy\" decoding=\"async\" width=\"1052\" height=\"992\" src=\"https:\/\/oschaos.es\/wp-content\/uploads\/2025\/03\/WhatsApp-Image-2025-03-20-at-14.35.43.png\" class=\"attachment-full size-full wp-image-453\" alt=\"\" srcset=\"https:\/\/oschaos.es\/wp-content\/uploads\/2025\/03\/WhatsApp-Image-2025-03-20-at-14.35.43.png 1052w, https:\/\/oschaos.es\/wp-content\/uploads\/2025\/03\/WhatsApp-Image-2025-03-20-at-14.35.43-300x283.png 300w, https:\/\/oschaos.es\/wp-content\/uploads\/2025\/03\/WhatsApp-Image-2025-03-20-at-14.35.43-1024x966.png 1024w, https:\/\/oschaos.es\/wp-content\/uploads\/2025\/03\/WhatsApp-Image-2025-03-20-at-14.35.43-768x724.png 768w\" sizes=\"auto, (max-width: 1052px) 100vw, 1052px\" loading=\"lazy\" \/>\t\t\t\t<\/a>\n\t\t\t\t\t\t\t\t\t\t\t<\/div>\n\t\t\t\t<\/div>\n\t\t\t\t<\/div>\n\t\t<div class=\"elementor-element elementor-element-41771a6 e-con-full e-flex e-con e-child\" data-id=\"41771a6\" data-element_type=\"container\">\n\t\t\t\t<div class=\"elementor-element elementor-element-2b10193 botoncabecera elementor-widget elementor-widget-button\" data-id=\"2b10193\" data-element_type=\"widget\" data-widget_type=\"button.default\">\n\t\t\t\t<div class=\"elementor-widget-container\">\n\t\t\t\t\t\t\t\t\t<div class=\"elementor-button-wrapper\">\n\t\t\t\t\t<a class=\"elementor-button elementor-button-link elementor-size-sm\" href=\"http:\/\/oschaos.es\/\">\n\t\t\t\t\t\t<span class=\"elementor-button-content-wrapper\">\n\t\t\t\t\t\t\t\t\t<span class=\"elementor-button-text\">UNIDAD RESIDENCIAL<\/span>\n\t\t\t\t\t<\/span>\n\t\t\t\t\t<\/a>\n\t\t\t\t<\/div>\n\t\t\t\t\t\t\t\t<\/div>\n\t\t\t\t<\/div>\n\t\t\t\t<div class=\"elementor-element elementor-element-fad7812 elementor-widget__width-initial botoncabecera elementor-widget elementor-widget-button\" data-id=\"fad7812\" data-element_type=\"widget\" data-widget_type=\"button.default\">\n\t\t\t\t<div class=\"elementor-widget-container\">\n\t\t\t\t\t\t\t\t\t<div class=\"elementor-button-wrapper\">\n\t\t\t\t\t<a class=\"elementor-button elementor-button-link elementor-size-sm\" href=\"http:\/\/oschaos.es\/pindusa\/\">\n\t\t\t\t\t\t<span class=\"elementor-button-content-wrapper\">\n\t\t\t\t\t\t\t\t\t<span class=\"elementor-button-text\">REVISTA PINDUSA<\/span>\n\t\t\t\t\t<\/span>\n\t\t\t\t\t<\/a>\n\t\t\t\t<\/div>\n\t\t\t\t\t\t\t\t<\/div>\n\t\t\t\t<\/div>\n\t\t\t\t<\/div>\n\t\t\t\t\t<\/div>\n\t\t\t\t<\/div>\n\t\t<div class=\"elementor-element elementor-element-0f02e5b e-flex e-con-boxed e-con e-child\" data-id=\"0f02e5b\" data-element_type=\"container\">\n\t\t\t\t\t<div class=\"e-con-inner\">\n\t\t\t\t<div class=\"elementor-element elementor-element-3fe67d9 elementor-widget elementor-widget-heading\" data-id=\"3fe67d9\" data-element_type=\"widget\" data-widget_type=\"heading.default\">\n\t\t\t\t<div class=\"elementor-widget-container\">\n\t\t\t\t\t<h1 class=\"elementor-heading-title elementor-size-default\">AVISO LEGAL<\/h1>\t\t\t\t<\/div>\n\t\t\t\t<\/div>\n\t\t\t\t\t<\/div>\n\t\t\t\t<\/div>\n\t\t\t\t<\/div>\n\t\t<div class=\"elementor-element elementor-element-e48f4fc e-con-full e-flex e-con e-parent\" data-id=\"e48f4fc\" data-element_type=\"container\">\n\t\t\t\t<div class=\"elementor-element elementor-element-33ed523 elementor-widget elementor-widget-text-editor\" data-id=\"33ed523\" data-element_type=\"widget\" data-widget_type=\"text-editor.default\">\n\t\t\t\t<div class=\"elementor-widget-container\">\n\t\t\t\t\t\t\t\t\t<div data-hook=\"bgLayers\" data-motion-part=\"BG_LAYER comp-lxluv6051\">\n<div data-motion-part=\"BG_MEDIA comp-lxluv6051\">Las presentes Condiciones Generales regulan el uso del sitio <a href=\"http:\/\/oschaos.es\/\" target=\"_self\">www.penasalbas.es<\/a>\u00a0que Servicios Asistenciales Os Chaos pone a disposici\u00f3n de los usuarios de Internet (en adelante, el sitio), entendiendo por sitio todas las p\u00e1ginas y sus contenidos. La utilizaci\u00f3n del sitio implica la aceptaci\u00f3n de las presentes Condiciones Generales, que el usuario debe leer cada vez que se proponga utilizar el sitio, ya que tanto el sitio en s\u00ed como estas condiciones est\u00e1n sujetos a modificaciones.<\/div>\n<\/div>\n<div data-mesh-id=\"comp-lxluv6051inlineContent\" data-testid=\"inline-content\">\n<div data-mesh-id=\"comp-lxluv6051inlineContent-gridContainer\" data-testid=\"mesh-container-content\">\n<div data-testid=\"richTextElement\">\n\nINFORMACI\u00d3N LEGAL\n\nEl titular del presente sitio es\u00a0\u00a0Servicios Asistenciales Os Chaos, S.L., con NIF B32353195, sociedad mercantil de nacionalidad espa\u00f1ola,\u00a0 matriz de\u00a0\u00a0Servicios Asistenciales Os Chaos, con domicilio social enR\u00faa do Bierzo 1B, -4\u00baC; 3200, Ourense; e inscrita en el Registro Mercantil de Ourense, Tomo 723, Libro 0, Folio 7, Hoja OR-10534, Inscripci\u00f3n 4\u00aa.\n\nACEPTACI\u00d3N DE LAS CONDICIONES GENERALES\n\nLa utilizaci\u00f3n del sitio supone la aceptaci\u00f3n plena por el usuario de estas condiciones, por lo que si no est\u00e1 de acuerdo con el contenido de las mismas deber\u00e1 abstenerse de hacer uso del sitio, as\u00ed como de los servicios ofrecidos en \u00e9l.\u00a0\u00a0Servicios Asistenciales Os Chaos\u00a0se reserva el derecho a efectuar las modificaciones que estime oportunas, pudiendo modificar, suprimir o incluir, sin previo aviso, nuevos contenidos y\/o servicios, as\u00ed como la forma en que estos aparezcan presentados y localizados y las condiciones de uso del sitio.\n\nNORMAS DE CONDUCTA\n\nEl usuario acepta que el acceso y uso del sitio y de los contenidos incluidos en el mismo tiene lugar de manera libre y consciente, bajo su exclusiva responsabilidad, y en consecuencia se compromete a:\n<ul>\n \t<li>No utilizar el sitio para la realizaci\u00f3n de actividades contrarias a la ley, a la moral, al orden p\u00fablico, en general, y hacer un uso l\u00edcito y honrado conforme a las presentes condiciones, as\u00ed como abstenerse de realizar cualquier acto que pudiera da\u00f1ar, inutilizar, sobrecargar o deteriorar el sitio y\/o impedir el normal uso y utilizaci\u00f3n por parte del resto de usuarios.<\/li>\n<\/ul>\n<ul>\n \t<li>No manipular o alterar cualquier contenido del sitio sin el consentimiento expreso y por escrito de su titular. Cualquier alteraci\u00f3n, modificaci\u00f3n o manipulaci\u00f3n sin el consentimiento de su titular, exime a este de responsabilidad alguna.<\/li>\n \t<li>No reproducir, copiar, distribuir, comunicar p\u00fablicamente, transformar o modificar los contenidos, a menos que se cuente con la preceptiva autorizaci\u00f3n del titular de los correspondientes derechos o ello resulte legalmente permitido; as\u00ed como suprimir, eludir o manipular el Copyright y dem\u00e1s datos identificativos de los derechos de\u00a0\u00a0Servicios Asistenciales Os Chaos\u00a0o de sus titulares incorporados a los contenidos, as\u00ed como los dispositivos t\u00e9cnicos de protecci\u00f3n, o cualesquiera mecanismos de informaci\u00f3n que pudieren contener los rese\u00f1ados contenidos.<\/li>\n \t<li>No introducir o difundir en la web programas de datos (virus o cualquier tipo de software de car\u00e1cter nocivo) susceptibles de provocar da\u00f1os en el sitio.<\/li>\n<\/ul>\n<span style=\"color: var( --e-global-color-53030bf ); text-align: var(--text-align);\">Servicios Asistenciales Os Chaos<\/span>\u00a0no garantiza la disponibilidad y continuidad de la web ni se hace responsable de cualesquiera da\u00f1os y perjuicios puedan producirse, ni de los defectos t\u00e9cnicos, incluidos virus u otros elementos lesivos, cualquiera que sea la naturaleza, derivados del uso de la informaci\u00f3n y de las materias contenidas en la web. El usuario responder\u00e1 de los da\u00f1os y perjuicios de toda naturaleza que\u00a0\u00a0Servicios Asistenciales Os Chaos\u00a0o cualquier tercero pueda sufrir como consecuencia del incumplimiento de cualquiera de las obligaciones a las que queda sometido por las presentes condiciones.\n\nSITIOS ENLAZADOS\n\n<span style=\"color: var( --e-global-color-53030bf ); text-align: var(--text-align);\">Servicios Asistenciales Os Chaos<\/span>\u00a0no asume ninguna responsabilidad ni realiza ning\u00fan control sobre los posibles hiperv\u00ednculos que contenga la web a contenidos externos a la misma; no obstante, retirar\u00e1 aquellos enlaces que incluyan contenidos il\u00edcitos tan pronto como pueda conocerlo.\n\nPROPIEDAD INTELECTUAL E INDUSTRIAL\n\nEl usuario reconoce que todos los contenidos del sitio y, en concreto, toda la informaci\u00f3n y materiales, la estructura, selecci\u00f3n, ordenaci\u00f3n y prestaci\u00f3n de sus contenidos, programas y desarrollo de aplicaciones utilizados en relaci\u00f3n con ellos, est\u00e1n protegidos por derechos de propiedad intelectual e industrial propiedad del titular del sitio o, en su caso, de terceros. En ning\u00fan caso el acceso a los mismos o su utilizaci\u00f3n por parte del usuario implicar\u00e1 ning\u00fan tipo de renuncia, transmisi\u00f3n o cesi\u00f3n total ni parcial de dichos derechos, ni confiere ning\u00fan derecho de utilizaci\u00f3n, alteraci\u00f3n, explotaci\u00f3n, reproducci\u00f3n, distribuci\u00f3n o comunicaci\u00f3n p\u00fablica sobre dichos contenidos sin la previa y expresa autorizaci\u00f3n espec\u00edficamente otorgada a tal efecto por parte de \u00a0Servicios Asistenciales Os Chaos o del tercero titular de los derechos afectados.\n\nServicios Asistenciales Os Chaos es titular de los elementos que integran el dise\u00f1o gr\u00e1fico de su web, los men\u00fas, botones de navegaci\u00f3n, el c\u00f3digo, los textos, im\u00e1genes, texturas, gr\u00e1ficos y cualquier otro contenido de la p\u00e1gina web o, en otros casos, dispone de la correspondiente autorizaci\u00f3n para la utilizaci\u00f3n de dichos elementos.\n\nTodas las marcas, nombres comerciales o signos distintivos mostrados en esta p\u00e1gina son propiedad de Servicios Asistenciales Os Chaos y\/o de terceras empresas. Se proh\u00edbe usarlos o descargarlos permanentemente, copiarlos o distribuirlos por cualquier medio sin el preceptivo consentimiento de su titular.\n\nEn el caso de que cualquier usuario o un tercero consideren que cualquiera de los contenidos ha sido introducido en la web con violaci\u00f3n de sus derechos de propiedad intelectual o industrial deber\u00e1 enviar una notificaci\u00f3n a Servicios Asistenciales Os Chaos identific\u00e1ndose a s\u00ed mismo y al titular de los derechos de propiedad intelectual o industrial supuestamente infringidos, aportando t\u00edtulo o acreditaci\u00f3n de la representaci\u00f3n de los mencionados derechos.\n\n<\/div>\n<\/div>\n<\/div>\t\t\t\t\t\t\t\t<\/div>\n\t\t\t\t<\/div>\n\t\t\t\t<\/div>\n\t\t<div class=\"elementor-element elementor-element-35d3c10 e-flex e-con-boxed e-con e-parent\" data-id=\"35d3c10\" data-element_type=\"container\" data-settings=\"{&quot;background_background&quot;:&quot;classic&quot;}\">\n\t\t\t\t\t<div class=\"e-con-inner\">\n\t\t\t\t<div class=\"elementor-element elementor-element-7f4ff7f elementor-widget__width-initial elementor-widget elementor-widget-theme-site-logo elementor-widget-image\" data-id=\"7f4ff7f\" data-element_type=\"widget\" data-widget_type=\"theme-site-logo.default\">\n\t\t\t\t<div class=\"elementor-widget-container\">\n\t\t\t\t\t\t\t\t\t\t\t<a href=\"https:\/\/oschaos.es\/es_es\">\n\t\t\t<img loading=\"lazy\" decoding=\"async\" width=\"1052\" height=\"992\" src=\"https:\/\/oschaos.es\/wp-content\/uploads\/2025\/03\/WhatsApp-Image-2025-03-20-at-14.35.43.png\" class=\"attachment-full size-full wp-image-453\" alt=\"\" srcset=\"https:\/\/oschaos.es\/wp-content\/uploads\/2025\/03\/WhatsApp-Image-2025-03-20-at-14.35.43.png 1052w, https:\/\/oschaos.es\/wp-content\/uploads\/2025\/03\/WhatsApp-Image-2025-03-20-at-14.35.43-300x283.png 300w, https:\/\/oschaos.es\/wp-content\/uploads\/2025\/03\/WhatsApp-Image-2025-03-20-at-14.35.43-1024x966.png 1024w, https:\/\/oschaos.es\/wp-content\/uploads\/2025\/03\/WhatsApp-Image-2025-03-20-at-14.35.43-768x724.png 768w\" sizes=\"auto, (max-width: 1052px) 100vw, 1052px\" loading=\"lazy\" \/>\t\t\t\t<\/a>\n\t\t\t\t\t\t\t\t\t\t\t<\/div>\n\t\t\t\t<\/div>\n\t\t<div class=\"elementor-element elementor-element-7c69926 e-con-full e-flex e-con e-child\" data-id=\"7c69926\" data-element_type=\"container\">\n\t\t<div class=\"elementor-element elementor-element-a17cf54 e-con-full e-flex e-con e-child\" data-id=\"a17cf54\" data-element_type=\"container\">\n\t\t\t\t<div class=\"elementor-element elementor-element-714d255 elementor-widget elementor-widget-text-editor\" data-id=\"714d255\" data-element_type=\"widget\" data-widget_type=\"text-editor.default\">\n\t\t\t\t<div class=\"elementor-widget-container\">\n\t\t\t\t\t\t\t\t\t<p>TEL\u00c9FONO<\/p>\t\t\t\t\t\t\t\t<\/div>\n\t\t\t\t<\/div>\n\t\t\t\t<div class=\"elementor-element elementor-element-5d90e71 elementor-widget__width-auto elementor-widget elementor-widget-text-editor\" data-id=\"5d90e71\" data-element_type=\"widget\" data-widget_type=\"text-editor.default\">\n\t\t\t\t<div class=\"elementor-widget-container\">\n\t\t\t\t\t\t\t\t\t<p><span style=\"color: #ffffff;\"><a style=\"color: #ffffff;\" href=\"tel:988230410\">988 230 410<\/a><\/span><\/p>\t\t\t\t\t\t\t\t<\/div>\n\t\t\t\t<\/div>\n\t\t\t\t<\/div>\n\t\t<div class=\"elementor-element elementor-element-e7b1759 e-con-full e-flex e-con e-child\" data-id=\"e7b1759\" data-element_type=\"container\">\n\t\t\t\t<div class=\"elementor-element elementor-element-f4bcb69 elementor-widget elementor-widget-text-editor\" data-id=\"f4bcb69\" data-element_type=\"widget\" data-widget_type=\"text-editor.default\">\n\t\t\t\t<div class=\"elementor-widget-container\">\n\t\t\t\t\t\t\t\t\t<p>EMAIL<\/p>\t\t\t\t\t\t\t\t<\/div>\n\t\t\t\t<\/div>\n\t\t\t\t<div class=\"elementor-element elementor-element-6d75a8f elementor-widget__width-initial elementor-view-default elementor-widget elementor-widget-icon\" data-id=\"6d75a8f\" data-element_type=\"widget\" data-widget_type=\"icon.default\">\n\t\t\t\t<div class=\"elementor-widget-container\">\n\t\t\t\t\t\t\t<div class=\"elementor-icon-wrapper\">\n\t\t\t<a class=\"elementor-icon\" href=\"mailto:unidadresidencial@troncoso.es\">\n\t\t\t<svg xmlns:xlink=\"http:\/\/www.w3.org\/1999\/xlink\" xmlns=\"http:\/\/www.w3.org\/2000\/svg\" preserveAspectRatio=\"xMidYMid meet\" data-bbox=\"20 50.968 160 98.064\" width=\"200\" height=\"200\" viewBox=\"20 50.968 160 98.064\" data-type=\"color\" aria-hidden=\"true\"><defs><style>#comp-kibong8n svg [data-color=\"1\"] {fill: #FFFFFF;}<\/style><\/defs><g><path fill=\"#FFFFFF\" d=\"M180 149.032H20V50.968h160v98.064zm-154.839-5.161h149.677V56.129H25.161v87.742z\" data-color=\"1\"><\/path><path d=\"M100 118.79L20.968 55.565l3.226-4.033L100 112.177l75.806-60.645 3.226 4.033L100 118.79z\" fill=\"#FFFFFF\" data-color=\"1\"><\/path><\/g><\/svg>\t\t\t<\/a>\n\t\t<\/div>\n\t\t\t\t\t\t<\/div>\n\t\t\t\t<\/div>\n\t\t\t\t<\/div>\n\t\t\t\t<\/div>\n\t\t<div class=\"elementor-element elementor-element-2462db7 e-con-full e-flex e-con e-child\" data-id=\"2462db7\" data-element_type=\"container\">\n\t\t\t\t<div class=\"elementor-element elementor-element-0a6c268 elementor-widget elementor-widget-image\" data-id=\"0a6c268\" data-element_type=\"widget\" data-widget_type=\"image.default\">\n\t\t\t\t<div class=\"elementor-widget-container\">\n\t\t\t\t\t\t\t\t\t\t\t\t\t\t\t\t<a href=\"https:\/\/portal.gestion.sedepkd.red.gob.es\/portal\/kitdigital\" target=\"_blank\" rel=\"noopener\">\n\t\t\t\t\t\t\t<img loading=\"lazy\" decoding=\"async\" width=\"342\" height=\"32\" src=\"https:\/\/oschaos.es\/wp-content\/uploads\/2025\/03\/logos_kit_digital_white.webp\" class=\"attachment-large size-large wp-image-122\" alt=\"logos_kit_digital\" srcset=\"https:\/\/oschaos.es\/wp-content\/uploads\/2025\/03\/logos_kit_digital_white.webp 342w, https:\/\/oschaos.es\/wp-content\/uploads\/2025\/03\/logos_kit_digital_white-300x28.webp 300w\" sizes=\"auto, (max-width: 342px) 100vw, 342px\" loading=\"lazy\" \/>\t\t\t\t\t\t\t\t<\/a>\n\t\t\t\t\t\t\t\t\t\t\t\t\t\t\t<\/div>\n\t\t\t\t<\/div>\n\t\t\t\t<\/div>\n\t\t<div class=\"elementor-element elementor-element-00f3685 e-con-full e-flex e-con e-child\" data-id=\"00f3685\" data-element_type=\"container\">\n\t\t\t\t<div class=\"elementor-element elementor-element-44bf309 elementor-widget elementor-widget-text-editor\" data-id=\"44bf309\" data-element_type=\"widget\" data-widget_type=\"text-editor.default\">\n\t\t\t\t<div class=\"elementor-widget-container\">\n\t\t\t\t\t\t\t\t\t<p><span class=\"wixui-rich-text__text\">FOGAR RESIDENCIAL PENAS ALBAS | Registro de Centros, Servicios y Establecimientos Sanitarios de Galicia | <\/span><span class=\"wixui-rich-text__text\">N\u00famero de registro: C-32-000939<\/span><\/p>\t\t\t\t\t\t\t\t<\/div>\n\t\t\t\t<\/div>\n\t\t\t\t<\/div>\n\t\t<div class=\"elementor-element elementor-element-354418e e-con-full e-flex e-con e-child\" data-id=\"354418e\" data-element_type=\"container\">\n\t\t\t\t<div class=\"elementor-element elementor-element-e786292 elementor-align-left elementor-widget elementor-widget-button\" data-id=\"e786292\" data-element_type=\"widget\" data-widget_type=\"button.default\">\n\t\t\t\t<div class=\"elementor-widget-container\">\n\t\t\t\t\t\t\t\t\t<div class=\"elementor-button-wrapper\">\n\t\t\t\t\t<a class=\"elementor-button elementor-button-link elementor-size-sm\" href=\"http:\/\/oschaos.es\/aviso-legal\/\">\n\t\t\t\t\t\t<span class=\"elementor-button-content-wrapper\">\n\t\t\t\t\t\t\t\t\t<span class=\"elementor-button-text\">AVISO LEGAL<\/span>\n\t\t\t\t\t<\/span>\n\t\t\t\t\t<\/a>\n\t\t\t\t<\/div>\n\t\t\t\t\t\t\t\t<\/div>\n\t\t\t\t<\/div>\n\t\t\t\t<div class=\"elementor-element elementor-element-1495e38 elementor-align-left elementor-widget elementor-widget-button\" data-id=\"1495e38\" data-element_type=\"widget\" data-widget_type=\"button.default\">\n\t\t\t\t<div class=\"elementor-widget-container\">\n\t\t\t\t\t\t\t\t\t<div class=\"elementor-button-wrapper\">\n\t\t\t\t\t<a class=\"elementor-button elementor-button-link elementor-size-sm\" href=\"http:\/\/oschaos.es\/politica-privacidad\/\">\n\t\t\t\t\t\t<span class=\"elementor-button-content-wrapper\">\n\t\t\t\t\t\t\t\t\t<span class=\"elementor-button-text\">POL\u00cdTICA DE PRIVACIDAD<\/span>\n\t\t\t\t\t<\/span>\n\t\t\t\t\t<\/a>\n\t\t\t\t<\/div>\n\t\t\t\t\t\t\t\t<\/div>\n\t\t\t\t<\/div>\n\t\t\t\t<div class=\"elementor-element elementor-element-94cd46c elementor-align-left elementor-widget elementor-widget-button\" data-id=\"94cd46c\" data-element_type=\"widget\" data-widget_type=\"button.default\">\n\t\t\t\t<div class=\"elementor-widget-container\">\n\t\t\t\t\t\t\t\t\t<div class=\"elementor-button-wrapper\">\n\t\t\t\t\t<a class=\"elementor-button elementor-button-link elementor-size-sm\" href=\"http:\/\/oschaos.es\/politica-de-cookies\/\">\n\t\t\t\t\t\t<span class=\"elementor-button-content-wrapper\">\n\t\t\t\t\t\t\t\t\t<span class=\"elementor-button-text\">POL\u00cdTICA DE COOKIES<\/span>\n\t\t\t\t\t<\/span>\n\t\t\t\t\t<\/a>\n\t\t\t\t<\/div>\n\t\t\t\t\t\t\t\t<\/div>\n\t\t\t\t<\/div>\n\t\t\t\t<div class=\"elementor-element elementor-element-7f2991f elementor-align-left elementor-widget elementor-widget-button\" data-id=\"7f2991f\" data-element_type=\"widget\" data-widget_type=\"button.default\">\n\t\t\t\t<div class=\"elementor-widget-container\">\n\t\t\t\t\t\t\t\t\t<div class=\"elementor-button-wrapper\">\n\t\t\t\t\t<a class=\"elementor-button elementor-button-link elementor-size-sm\" href=\"https:\/\/ingade-reporting.com\/troncoso-servicios-sociosanitarios-home\/\" target=\"_blank\" rel=\"noopener\">\n\t\t\t\t\t\t<span class=\"elementor-button-content-wrapper\">\n\t\t\t\t\t\t\t\t\t<span class=\"elementor-button-text\">CANAL DE DENUNCIAS<\/span>\n\t\t\t\t\t<\/span>\n\t\t\t\t\t<\/a>\n\t\t\t\t<\/div>\n\t\t\t\t\t\t\t\t<\/div>\n\t\t\t\t<\/div>\n\t\t\t\t<\/div>\n\t\t\t\t\t<\/div>\n\t\t\t\t<\/div>\n\t\t<div class=\"elementor-element elementor-element-ef30167 e-flex e-con-boxed e-con e-parent\" data-id=\"ef30167\" data-element_type=\"container\" data-settings=\"{&quot;background_background&quot;:&quot;classic&quot;}\">\n\t\t\t\t\t<div class=\"e-con-inner\">\n\t\t\t\t<div class=\"elementor-element elementor-element-cfbead1 elementor-widget elementor-widget-text-editor\" data-id=\"cfbead1\" data-element_type=\"widget\" data-widget_type=\"text-editor.default\">\n\t\t\t\t<div class=\"elementor-widget-container\">\n\t\t\t\t\t\t\t\t\t<section id=\"comp-k8h5nzii\" class=\"comp-k8h5nzii CohWsy wixui-column-strip\"><div class=\"V5AUxf\" data-testid=\"columns\"><div id=\"comp-k8h5nzjx\" class=\"comp-k8h5nzjx YzqVVZ wixui-column-strip__column\"><div class=\"\" data-mesh-id=\"comp-k8h5nzjxinlineContent\" data-testid=\"inline-content\"><div data-mesh-id=\"comp-k8h5nzjxinlineContent-gridContainer\" data-testid=\"mesh-container-content\">\u00a9 2025 FOGAR RESIDENCIAL PENAS ALBAS | TODOS LOS DERECHOS RESERVADOS.<\/div><\/div><\/div><\/div><\/section>\t\t\t\t\t\t\t\t<\/div>\n\t\t\t\t<\/div>\n\t\t\t\t\t<\/div>\n\t\t\t\t<\/div>\n\t\t\t\t<\/div>\n\t\t","protected":false},"excerpt":{"rendered":"<p>UNIDAD RESIDENCIAL REVISTA PINDUSA AVISO LEGAL Las presentes Condiciones Generales regulan el uso del sitio www.penasalbas.es\u00a0que Servicios Asistenciales Os Chaos pone a disposici\u00f3n de los usuarios de Internet (en adelante, el sitio), entendiendo por sitio todas las p\u00e1ginas y sus contenidos. La utilizaci\u00f3n del sitio implica la aceptaci\u00f3n de las presentes Condiciones Generales, que el [&hellip;]<\/p>\n","protected":false},"author":1,"featured_media":0,"parent":0,"menu_order":0,"comment_status":"closed","ping_status":"closed","template":"elementor_canvas","meta":{"footnotes":""},"class_list":["post-129","page","type-page","status-publish","hentry"],"_links":{"self":[{"href":"https:\/\/oschaos.es\/es_es\/wp-json\/wp\/v2\/pages\/129","targetHints":{"allow":["GET"]}}],"collection":[{"href":"https:\/\/oschaos.es\/es_es\/wp-json\/wp\/v2\/pages"}],"about":[{"href":"https:\/\/oschaos.es\/es_es\/wp-json\/wp\/v2\/types\/page"}],"author":[{"embeddable":true,"href":"https:\/\/oschaos.es\/es_es\/wp-json\/wp\/v2\/users\/1"}],"replies":[{"embeddable":true,"href":"https:\/\/oschaos.es\/es_es\/wp-json\/wp\/v2\/comments?post=129"}],"version-history":[{"count":49,"href":"https:\/\/oschaos.es\/es_es\/wp-json\/wp\/v2\/pages\/129\/revisions"}],"predecessor-version":[{"id":497,"href":"https:\/\/oschaos.es\/es_es\/wp-json\/wp\/v2\/pages\/129\/revisions\/497"}],"wp:attachment":[{"href":"https:\/\/oschaos.es\/es_es\/wp-json\/wp\/v2\/media?parent=129"}],"curies":[{"name":"wp","href":"https:\/\/api.w.org\/{rel}","templated":true}]}}